{"id":177,"date":"2024-07-15T22:16:46","date_gmt":"2024-07-15T22:16:46","guid":{"rendered":"https:\/\/ferien-opnollenhoff.de\/?page_id=177"},"modified":"2024-07-21T09:40:32","modified_gmt":"2024-07-21T09:40:32","slug":"lage-und-anfahrt","status":"publish","type":"page","link":"https:\/\/ferien-opnollenhoff.de\/?page_id=177","title":{"rendered":"Lage und Anreise"},"content":{"rendered":"\n<p>Die gem\u00fctliche Ferienwohnung &#8222;Op&#8217;n ollen Hoff&#8220; in Haltern am See, einem idyllischen St\u00e4dtchen im Herzen des M\u00fcnsterlands. Haltern am See, mit seinen etwa 38.000 Einwohnern, bietet die perfekte Mischung aus Entspannung und Erlebnis.<\/p>\n\n\n\n<p>Unsere Ferienwohnung liegt in unmittelbarer N\u00e4he zum malerischen Halterner Stausee, einem beliebten Ziel f\u00fcr Wassersportler und Naturfreunde. Genie\u00dfen Sie ausgedehnte Spazierg\u00e4nge oder Fahrradtouren entlang der wundersch\u00f6nen Uferpromenade und durch die umliegenden W\u00e4lder.<\/p>\n\n\n\n<p>In Haltern am See gibt es viel zu entdecken: Besuchen Sie das LWL-R\u00f6mermuseum, das spannende Einblicke in die r\u00f6mische Geschichte der Region bietet, oder erkunden Sie die historische Altstadt mit ihren charmanten Fachwerkh\u00e4usern und gem\u00fctlichen Caf\u00e9s. F\u00fcr Familien ist der nahegelegene Freizeitpark Ketteler Hof ein echtes Highlight.<\/p>\n\n\n\n<p>Von unserer kleinen Bauernschaft aus kann man herrliche Radtouren oder Wanderungen starten, zum Beispiel um den Halterner oder Hullerner Stausee, in die Westruper Heide, die Haard oder die Hohe Mark, die alte Wasserm\u00fchle, und auch das alte Herrenhaus \u201eSchlo\u00df Sythen\u201c sind nur einen Katzensprung entfernt.<\/p>\n\n\n\n<p>Zur nahe gelegenen Unistadt M\u00fcnster oder Bochum mit ihren Sehensw\u00fcrdigkeiten und kulturellen Angeboten sind es nur ca. 40-45 Minuten mit dem Auto, oder sie fahren mit dem Zug von unserem kleinen Bahnhof aus.<\/p>\n\n\n\n<p>Nach einem erlebnisreichen Tag k\u00f6nnen Sie in unserer liebevoll eingerichteten Ferienwohnung entspannen und die Ruhe genie\u00dfen.<br>Wir freuen uns darauf, Sie in Haltern am See begr\u00fc\u00dfen zu d\u00fcrfen!<\/p>\n\n\n\n<p>Ferienwohnung Op\u00b4n ollen Hoff<\/p>\n\n\n\n<p>Uphuser Str. 102   ( Zufahrt \u00fcber die Freistr. ) <br>45721 Haltern am See<\/p>\n\n\n<div style=\"height:400pxpx;\" class=\"wp-block-themeisle-blocks-leaflet-map\" id=\"wp-block-themeisle-blocks-leaflet-map-1eb8813a\"><\/div>\n<script type=\"text\/javascript\">\n\t\/* <![CDATA[ *\/\n\t\tif ( ! window.themeisleLeafletMaps ) window.themeisleLeafletMaps =[];\n\t\twindow.themeisleLeafletMaps.push( { container: \"wp-block-themeisle-blocks-leaflet-map-1eb8813a\", attributes: {\"id\":\"wp-block-themeisle-blocks-leaflet-map-1eb8813a\",\"location\":\" Uphuser Str. 102  45721 Haltern am See\",\"latitude\":\"51.76700329831727\",\"longitude\":\"7.214348316192628\",\"bbox\":\"7.207696437835694,51.764347357466484,7.221000194549561,51.769659082910124\",\"zoom\":16,\"markers\":[{\"id\":\"c183eadd-cfd1-4de5-b187-09d916a29a30\",\"latitude\":51.766827347069082,\"longitude\":7.2090590000152597,\"title\":\"Op'n ollen Hoff\",\"description\":\"\"},{\"id\":\"a4b12aab-4d6f-4262-80eb-8e103c148ce4\",\"latitude\":51.77173048642053,\"longitude\":7.2262841463088998,\"title\":\"Bahnhof Sythen\",\"description\":\"\"},{\"id\":\"df8a5669-ab32-4d42-a37f-72a92cfd5937\",\"latitude\":51.776228158691978,\"longitude\":7.2188115119934091,\"title\":\"Freibad Sythen\",\"description\":\"\"}],\"height\":\"400px\",\"zoomControl\":true,\"draggable\":true,\"hasCustomCSS\":false,\"customCSS\":\"\",\"otterConditions\":[]} } );\n\t\/* ]]> *\/\n<\/script>\n\n\n\n<figure class=\"wp-block-image size-full is-resized wp-duotone-duotone-5\"><img fetchpriority=\"high\" decoding=\"async\" width=\"1600\" height=\"1200\" src=\"https:\/\/ferien-opnollenhoff.de\/wp-content\/uploads\/2024\/07\/hoff2.jpg\" alt=\"\" class=\"wp-image-86\" style=\"width:620px;height:auto\" srcset=\"https:\/\/ferien-opnollenhoff.de\/wp-content\/uploads\/2024\/07\/hoff2.jpg 1600w, https:\/\/ferien-opnollenhoff.de\/wp-content\/uploads\/2024\/07\/hoff2-300x225.jpg 300w, https:\/\/ferien-opnollenhoff.de\/wp-content\/uploads\/2024\/07\/hoff2-1024x768.jpg 1024w, https:\/\/ferien-opnollenhoff.de\/wp-content\/uploads\/2024\/07\/hoff2-768x576.jpg 768w, https:\/\/ferien-opnollenhoff.de\/wp-content\/uploads\/2024\/07\/hoff2-1536x1152.jpg 1536w\" sizes=\"(max-width: 1600px) 100vw, 1600px\" \/><\/figure>\n","protected":false},"excerpt":{"rendered":"<p>Die gem\u00fctliche Ferienwohnung &#8222;Op&#8217;n ollen Hoff&#8220; in Haltern am See, einem idyllischen St\u00e4dtchen im Herzen des M\u00fcnsterlands. Haltern am See, mit seinen etwa 38.000 Einwohnern, bietet die perfekte Mischung aus Entspannung und Erlebnis. Unsere Ferienwohnung liegt in unmittelbarer N\u00e4he zum malerischen Halterner Stausee, einem beliebten Ziel f\u00fcr Wassersportler und Naturfreunde. Genie\u00dfen Sie ausgedehnte Spazierg\u00e4nge oder [&hellip;]<\/p>\n","protected":false},"author":1,"featured_media":0,"parent":0,"menu_order":0,"comment_status":"closed","ping_status":"closed","template":"","meta":{"_themeisle_gutenberg_block_has_review":false,"footnotes":""},"class_list":["post-177","page","type-page","status-publish","hentry"],"_links":{"self":[{"href":"https:\/\/ferien-opnollenhoff.de\/index.php?rest_route=\/wp\/v2\/pages\/177","targetHints":{"allow":["GET"]}}],"collection":[{"href":"https:\/\/ferien-opnollenhoff.de\/index.php?rest_route=\/wp\/v2\/pages"}],"about":[{"href":"https:\/\/ferien-opnollenhoff.de\/index.php?rest_route=\/wp\/v2\/types\/page"}],"author":[{"embeddable":true,"href":"https:\/\/ferien-opnollenhoff.de\/index.php?rest_route=\/wp\/v2\/users\/1"}],"replies":[{"embeddable":true,"href":"https:\/\/ferien-opnollenhoff.de\/index.php?rest_route=%2Fwp%2Fv2%2Fcomments&post=177"}],"version-history":[{"count":18,"href":"https:\/\/ferien-opnollenhoff.de\/index.php?rest_route=\/wp\/v2\/pages\/177\/revisions"}],"predecessor-version":[{"id":322,"href":"https:\/\/ferien-opnollenhoff.de\/index.php?rest_route=\/wp\/v2\/pages\/177\/revisions\/322"}],"wp:attachment":[{"href":"https:\/\/ferien-opnollenhoff.de\/index.php?rest_route=%2Fwp%2Fv2%2Fmedia&parent=177"}],"curies":[{"name":"wp","href":"https:\/\/api.w.org\/{rel}","templated":true}]}}