{"id":143,"date":"2024-07-15T10:12:25","date_gmt":"2024-07-15T10:12:25","guid":{"rendered":"https:\/\/ferien-opnollenhoff.de\/?page_id=143"},"modified":"2024-07-20T12:19:50","modified_gmt":"2024-07-20T12:19:50","slug":"wohnung","status":"publish","type":"page","link":"https:\/\/ferien-opnollenhoff.de\/","title":{"rendered":"Start"},"content":{"rendered":"\n<h2 class=\"wp-block-heading has-text-align-center has-text-color has-link-color has-antonio-font-family has-xx-large-font-size wp-elements-babfe825e5838ad65711a1bf8dab3454\" style=\"color:#826347;font-style:normal;font-weight:700\"><strong>Herzlich Willkommen<\/strong><\/h2>\n\n\n\n<div id=\"wp-block-themeisle-blocks-slider-7d619d56\" class=\"wp-block-themeisle-blocks-slider alignfull glide\" data-per-view=\"1\" data-gap=\"0\" data-peek=\"0\" data-autoplay=\"5000\" data-height=\"400px\" data-hide-arrows=\"false\"><div class=\"glide__track\" data-glide-el=\"track\"><div class=\"glide__slides\"><div class=\"wp-block-themeisle-blocks-slider-item-wrapper glide__slide\" tabindex=\"0\"><figure><img decoding=\"async\" class=\"wp-block-themeisle-blocks-slider-item\" src=\"https:\/\/ferien-opnollenhoff.de\/wp-content\/uploads\/2024\/07\/neu1--scaled.jpg\" alt=\"\" title=\"\" data-id=\"124\"\/><\/figure><\/div><div class=\"wp-block-themeisle-blocks-slider-item-wrapper glide__slide\" tabindex=\"0\"><figure><img decoding=\"async\" class=\"wp-block-themeisle-blocks-slider-item\" src=\"https:\/\/ferien-opnollenhoff.de\/wp-content\/uploads\/2024\/07\/hoff2.jpg\" alt=\"\" title=\"\" data-id=\"86\"\/><\/figure><\/div><div class=\"wp-block-themeisle-blocks-slider-item-wrapper glide__slide\" tabindex=\"0\"><figure><img decoding=\"async\" class=\"wp-block-themeisle-blocks-slider-item\" src=\"https:\/\/ferien-opnollenhoff.de\/wp-content\/uploads\/2024\/07\/20240720_103227858_iOS-scaled.jpg\" alt=\"\" title=\"\" data-id=\"301\"\/><\/figure><\/div><\/div><\/div><\/div>\n\n\n\n<p class=\"has-text-align-center has-text-color has-link-color wp-elements-9ae721ae1076f4bd3be6150ee8000d6f\" style=\"color:#826347\">auf der Webseite der Ferienwohnung &#8222;Op&#8217;n ollen Hoff&#8220; in Haltern am See.<\/p>\n\n\n\n<p class=\"has-text-align-center has-text-color has-link-color wp-elements-617adb4f9f157fdc07f45ba442940a7f\" style=\"color:#826347\">Entdecken Sie hier alle wichtigen Informationen und ansprechenden Bilder unserer charmanten Ferienwohnung. Zudem finden Sie unkomplizierte M\u00f6glichkeiten zur Kontaktaufnahme und Buchung.<\/p>\n\n\n\n<p class=\"has-text-align-center has-text-color has-link-color wp-elements-f9f6f3a182c83c6f064129ce326f1995\" style=\"color:#826347\">Bei Fragen stehen wir Ihnen jederzeit gerne zur Verf\u00fcgung.<\/p>\n\n\n\n<p class=\"has-text-align-center has-text-color has-link-color wp-elements-710683a44e449e86f2bb8e2abedb252b\" style=\"color:#826347\">Wir freuen uns sehr darauf, Sie bei uns begr\u00fc\u00dfen zu d\u00fcrfen!<\/p>\n","protected":false},"excerpt":{"rendered":"<p>Herzlich Willkommen auf der Webseite der Ferienwohnung &#8222;Op&#8217;n ollen Hoff&#8220; in Haltern am See. Entdecken Sie hier alle wichtigen Informationen und ansprechenden Bilder unserer charmanten Ferienwohnung. Zudem finden Sie unkomplizierte M\u00f6glichkeiten zur Kontaktaufnahme und Buchung. Bei Fragen stehen wir Ihnen jederzeit gerne zur Verf\u00fcgung. Wir freuen uns sehr darauf, Sie bei uns begr\u00fc\u00dfen zu d\u00fcrfen!<\/p>\n","protected":false},"author":1,"featured_media":0,"parent":0,"menu_order":0,"comment_status":"closed","ping_status":"closed","template":"","meta":{"_themeisle_gutenberg_block_has_review":false,"footnotes":""},"class_list":["post-143","page","type-page","status-publish","hentry"],"_links":{"self":[{"href":"https:\/\/ferien-opnollenhoff.de\/index.php?rest_route=\/wp\/v2\/pages\/143","targetHints":{"allow":["GET"]}}],"collection":[{"href":"https:\/\/ferien-opnollenhoff.de\/index.php?rest_route=\/wp\/v2\/pages"}],"about":[{"href":"https:\/\/ferien-opnollenhoff.de\/index.php?rest_route=\/wp\/v2\/types\/page"}],"author":[{"embeddable":true,"href":"https:\/\/ferien-opnollenhoff.de\/index.php?rest_route=\/wp\/v2\/users\/1"}],"replies":[{"embeddable":true,"href":"https:\/\/ferien-opnollenhoff.de\/index.php?rest_route=%2Fwp%2Fv2%2Fcomments&post=143"}],"version-history":[{"count":20,"href":"https:\/\/ferien-opnollenhoff.de\/index.php?rest_route=\/wp\/v2\/pages\/143\/revisions"}],"predecessor-version":[{"id":310,"href":"https:\/\/ferien-opnollenhoff.de\/index.php?rest_route=\/wp\/v2\/pages\/143\/revisions\/310"}],"wp:attachment":[{"href":"https:\/\/ferien-opnollenhoff.de\/index.php?rest_route=%2Fwp%2Fv2%2Fmedia&parent=143"}],"curies":[{"name":"wp","href":"https:\/\/api.w.org\/{rel}","templated":true}]}}